{"id":147,"date":"2021-09-24T04:14:26","date_gmt":"2021-09-24T04:14:26","guid":{"rendered":"https:\/\/glycolab.webhost.fct.unl.pt\/?page_id=147"},"modified":"2023-09-25T11:16:56","modified_gmt":"2023-09-25T11:16:56","slug":"acucares-mais-do-que-apenas-doces-moleculas","status":"publish","type":"page","link":"https:\/\/glycolab.webhost.fct.unl.pt\/index.php\/acucares-mais-do-que-apenas-doces-moleculas\/","title":{"rendered":"A\u00e7\u00facares: Mais do que apenas doces mol\u00e9culas"},"content":{"rendered":"\n<figure class=\"wp-block-image size-large is-resized\"><img loading=\"lazy\" decoding=\"async\" src=\"https:\/\/glycolab.webhost.fct.unl.pt\/wp-content\/uploads\/2022\/09\/nei_principal_combinacao_4-1-1024x724.png\" alt=\"\" class=\"wp-image-165\" style=\"width:838px;height:592px\" width=\"838\" height=\"592\" srcset=\"https:\/\/glycolab.webhost.fct.unl.pt\/wp-content\/uploads\/2022\/09\/nei_principal_combinacao_4-1-1024x724.png 1024w, https:\/\/glycolab.webhost.fct.unl.pt\/wp-content\/uploads\/2022\/09\/nei_principal_combinacao_4-1-300x212.png 300w, https:\/\/glycolab.webhost.fct.unl.pt\/wp-content\/uploads\/2022\/09\/nei_principal_combinacao_4-1-768x543.png 768w, https:\/\/glycolab.webhost.fct.unl.pt\/wp-content\/uploads\/2022\/09\/nei_principal_combinacao_4-1-1536x1086.png 1536w, https:\/\/glycolab.webhost.fct.unl.pt\/wp-content\/uploads\/2022\/09\/nei_principal_combinacao_4-1-2048x1448.png 2048w\" sizes=\"auto, (max-width: 838px) 100vw, 838px\" \/><\/figure>\n\n\n\n<p class=\"has-text-color has-large-font-size\" style=\"color:#01af6f\"><strong>Sabias que os a\u00e7\u00facares s\u00e3o importantes para as c\u00e9lulas conseguirem comunicar? <\/strong><\/p>\n\n\n\n<p class=\"has-black-color has-text-color has-large-font-size\"><strong>V\u00eam conhecer mais sobre estas mol\u00e9culas.<\/strong><\/p>\n\n\n\n<p class=\"has-medium-font-size\"><strong>Microbioma<\/strong><\/p>\n\n\n\n<p class=\"has-normal-font-size\">J\u00e1 ouviste falar sobre o microbioma? Sabias que o que comes influencia esta comunidade de organismos e o seu efeito na tua sa\u00fade? <\/p>\n\n\n\n<p><meta charset=\"utf-8\">P\u00fablico-alvo: todas as idades<\/p>\n\n\n\n<figure class=\"wp-block-embed is-type-video is-provider-youtube wp-block-embed-youtube wp-embed-aspect-16-9 wp-has-aspect-ratio\"><div class=\"wp-block-embed__wrapper\">\n<iframe loading=\"lazy\" title=\"Microbioma 3\" width=\"800\" height=\"450\" src=\"https:\/\/www.youtube.com\/embed\/shC9OZRI-9g?feature=oembed\" frameborder=\"0\" allow=\"accelerometer; autoplay; clipboard-write; encrypted-media; gyroscope; picture-in-picture; web-share\" allowfullscreen><\/iframe>\n<\/div><\/figure>\n\n\n\n<p class=\"has-medium-font-size\"><strong>Grupos sangu\u00edneos<\/strong><\/p>\n\n\n\n<p>O que  \u00e9 que os grupos sangu\u00edneos t\u00eam a ver com os a\u00e7\u00facares? Queres saber qual \u00e9 a rela\u00e7\u00e3o? V\u00ea o v\u00eddeo e ficar\u00e1s a saber.<\/p>\n\n\n\n<p>P\u00fablico-alvo: todas as idades<\/p>\n\n\n\n<figure class=\"wp-block-embed is-type-video is-provider-youtube wp-block-embed-youtube wp-embed-aspect-16-9 wp-has-aspect-ratio\"><div class=\"wp-block-embed__wrapper\">\n<iframe loading=\"lazy\" title=\"Grupos sangu\u00edneos\" width=\"800\" height=\"450\" src=\"https:\/\/www.youtube.com\/embed\/e6AaNBS8hf8?feature=oembed\" frameborder=\"0\" allow=\"accelerometer; autoplay; clipboard-write; encrypted-media; gyroscope; picture-in-picture; web-share\" allowfullscreen><\/iframe>\n<\/div><\/figure>\n\n\n\n<p class=\"has-medium-font-size\"><strong>Microarrays de Glicanos (ou Hidratos de Carbono)<\/strong><\/p>\n\n\n\n<p>Para estudarmos as prote\u00ednas que reconhecem os a\u00e7\u00facares (hidratos de carbono), sejam estas nossas, de bact\u00e9rias ou outro organismo, utilizamos os microarrays de glicanos. Os microarrays de glicanos s\u00e3o uma ferramenta poderosa que permite testar simultaneamente v\u00e1rias prote\u00ednas contra uma biblioteca diversificada de glicanos.<\/p>\n\n\n\n<p>P\u00fablico-alvo: + 12 anos<\/p>\n\n\n\n<figure class=\"wp-block-embed is-type-video is-provider-youtube wp-block-embed-youtube wp-embed-aspect-16-9 wp-has-aspect-ratio\"><div class=\"wp-block-embed__wrapper\">\n<iframe loading=\"lazy\" title=\"Microarrays de Glicanos (ou Hidratos de Carbono) - Ensaio de Liga\u00e7\u00e3o\" width=\"800\" height=\"450\" src=\"https:\/\/www.youtube.com\/embed\/8ro6VU-GrM0?feature=oembed\" frameborder=\"0\" allow=\"accelerometer; autoplay; clipboard-write; encrypted-media; gyroscope; picture-in-picture; web-share\" allowfullscreen><\/iframe>\n<\/div><\/figure>\n\n\n\n<p><\/p>\n\n\n\n<p><\/p>\n\n\n\n<p class=\"has-medium-font-size\"><strong>O dia a dia de um bioqu\u00edmico estrutural<\/strong><\/p>\n\n\n\n<p>Queres saber o que fazemos no nosso laborat\u00f3rio? Conhecer mais do fant\u00e1stico mundo de um cientista? E as t\u00e9cnicas que mais utilizamos para estudar as nossas prote\u00ednas? V\u00ea os nossos v\u00eddeos e fica a saber como \u00e9 o nosso dia a dia!<\/p>\n\n\n\n<p>Aqui podes ver como produzimos e purificamos as prote\u00ednas que estudamos.<\/p>\n\n\n\n<p>E podes ver tamb\u00e9m quais os procedimentos experimentais que est\u00e3o envolvidos nas duas metodologias mais utilizadas no nosso grupo de investiga\u00e7\u00e3o: O Microarrays de Hidratos de Carbono e a Cristalografia de Raios-X.<\/p>\n\n\n\n<p>Actividade partilhada com o grupo de Cristalografia de Macromol\u00e9culas<\/p>\n\n\n\n<p><a rel=\"noreferrer noopener\" href=\"https:\/\/sites.fct.unl.pt\/xtal\/pages\/proteinas-para-um-mundo-sustentavel\" target=\"_blank\">https:\/\/sites.fct.unl.pt\/xtal\/pages\/proteinas-para-um-mundo-sustentavel<\/a><\/p>\n\n\n\n<p>P\u00fablico-alvo: todas as idades<\/p>\n\n\n\n<figure class=\"wp-block-embed is-type-video is-provider-youtube wp-block-embed-youtube wp-embed-aspect-16-9 wp-has-aspect-ratio\"><div class=\"wp-block-embed__wrapper\">\n<iframe loading=\"lazy\" title=\"01 NEI2020 producao\" width=\"800\" height=\"450\" src=\"https:\/\/www.youtube.com\/embed\/Uy_0DqpdFD8?feature=oembed\" frameborder=\"0\" allow=\"accelerometer; autoplay; clipboard-write; encrypted-media; gyroscope; picture-in-picture; web-share\" allowfullscreen><\/iframe>\n<\/div><\/figure>\n\n\n\n<figure class=\"wp-block-embed is-type-video is-provider-youtube wp-block-embed-youtube wp-embed-aspect-16-9 wp-has-aspect-ratio\"><div class=\"wp-block-embed__wrapper\">\n<iframe loading=\"lazy\" title=\"02 NEI2020 Purificacao\" width=\"800\" height=\"450\" src=\"https:\/\/www.youtube.com\/embed\/N1Apj8T7yVc?feature=oembed\" frameborder=\"0\" allow=\"accelerometer; autoplay; clipboard-write; encrypted-media; gyroscope; picture-in-picture; web-share\" allowfullscreen><\/iframe>\n<\/div><\/figure>\n\n\n\n<figure class=\"wp-block-embed is-type-video is-provider-youtube wp-block-embed-youtube wp-embed-aspect-16-9 wp-has-aspect-ratio\"><div class=\"wp-block-embed__wrapper\">\n<iframe loading=\"lazy\" title=\"03 NEI2020 microarrays xtal\" width=\"800\" height=\"450\" src=\"https:\/\/www.youtube.com\/embed\/2Wn6nJ1j0rU?feature=oembed\" frameborder=\"0\" allow=\"accelerometer; autoplay; clipboard-write; encrypted-media; gyroscope; picture-in-picture; web-share\" allowfullscreen><\/iframe>\n<\/div><\/figure>\n","protected":false},"excerpt":{"rendered":"<p>Sabias que os a\u00e7\u00facares s\u00e3o importantes para as c\u00e9lulas conseguirem comunicar? V\u00eam conhecer mais sobre estas mol\u00e9culas. Microbioma J\u00e1 ouviste falar sobre o microbioma? Sabias que o que comes influencia esta comunidade de organismos e o seu efeito na tua sa\u00fade? P\u00fablico-alvo: todas as idades Grupos sangu\u00edneos O que \u00e9 que os grupos sangu\u00edneos t\u00eam [&hellip;]<\/p>\n","protected":false},"author":1,"featured_media":0,"parent":0,"menu_order":0,"comment_status":"closed","ping_status":"closed","template":"","meta":{"footnotes":""},"class_list":["post-147","page","type-page","status-publish","hentry"],"_links":{"self":[{"href":"https:\/\/glycolab.webhost.fct.unl.pt\/index.php\/wp-json\/wp\/v2\/pages\/147","targetHints":{"allow":["GET"]}}],"collection":[{"href":"https:\/\/glycolab.webhost.fct.unl.pt\/index.php\/wp-json\/wp\/v2\/pages"}],"about":[{"href":"https:\/\/glycolab.webhost.fct.unl.pt\/index.php\/wp-json\/wp\/v2\/types\/page"}],"author":[{"embeddable":true,"href":"https:\/\/glycolab.webhost.fct.unl.pt\/index.php\/wp-json\/wp\/v2\/users\/1"}],"replies":[{"embeddable":true,"href":"https:\/\/glycolab.webhost.fct.unl.pt\/index.php\/wp-json\/wp\/v2\/comments?post=147"}],"version-history":[{"count":14,"href":"https:\/\/glycolab.webhost.fct.unl.pt\/index.php\/wp-json\/wp\/v2\/pages\/147\/revisions"}],"predecessor-version":[{"id":174,"href":"https:\/\/glycolab.webhost.fct.unl.pt\/index.php\/wp-json\/wp\/v2\/pages\/147\/revisions\/174"}],"wp:attachment":[{"href":"https:\/\/glycolab.webhost.fct.unl.pt\/index.php\/wp-json\/wp\/v2\/media?parent=147"}],"curies":[{"name":"wp","href":"https:\/\/api.w.org\/{rel}","templated":true}]}}