{"id":108,"date":"2021-09-07T17:54:12","date_gmt":"2021-09-07T17:54:12","guid":{"rendered":"https:\/\/glycolab.webhost.fct.unl.pt\/?page_id=108"},"modified":"2021-09-13T09:26:35","modified_gmt":"2021-09-13T09:26:35","slug":"collaboration-network","status":"publish","type":"page","link":"https:\/\/glycolab.webhost.fct.unl.pt\/index.php\/collaboration-network\/","title":{"rendered":"Collaboration Network"},"content":{"rendered":"\n<figure class=\"wp-block-table is-style-regular\"><table><tbody><tr><td><img loading=\"lazy\" decoding=\"async\" width=\"100\" height=\"144\" class=\"wp-image-115\" style=\"width: 100px;\" src=\"https:\/\/glycolab.webhost.fct.unl.pt\/wp-content\/uploads\/2021\/09\/logosUCIBIO-01.png\" alt=\"\"><\/td><td><strong>UCIBIO Collaborations<\/strong><\/td><\/tr><\/tbody><\/table><\/figure>\n\n\n\n<figure class=\"wp-block-table aligncenter is-style-stripes\"><table><tbody><tr><td class=\"has-text-align-center\" data-align=\"center\"><br>XTAL Macromolecular Crystallograhy Group<\/td><td class=\"has-text-align-center\" data-align=\"center\"><strong>(BIO)MOLECULAR STRUCTURE AND INTERACTIONS BY NMR<\/strong><br><\/td><\/tr><tr><td class=\"has-text-align-center\" data-align=\"center\"><a href=\"https:\/\/www.dq.fct.unl.pt\/pessoas\/docentes\/maria-joao-romao\">Maria Jo\u00e3o Rom\u00e3o<\/a><br><a href=\"https:\/\/docentes.fct.unl.pt\/almc\">Ana Lu\u00edsa Carvalho<\/a><\/td><td class=\"has-text-align-center\" data-align=\"center\"><a href=\"https:\/\/docentes.fct.unl.pt\/ejc\/\" data-type=\"URL\" data-id=\"https:\/\/docentes.fct.unl.pt\/ejc\/\">Eurico Cabrita<\/a><br><a href=\"https:\/\/www.requimte.pt\/ucibio\/people\/filipa-marcelo\" data-type=\"URL\" data-id=\"https:\/\/www.requimte.pt\/ucibio\/people\/filipa-marcelo\">Filipa Marcelo<\/a><\/td><\/tr><tr><td class=\"has-text-align-center\" data-align=\"center\"><\/td><td class=\"has-text-align-center\" data-align=\"center\"><\/td><\/tr><tr><td class=\"has-text-align-center\" data-align=\"center\"><strong><a href=\"https:\/\/www.requimte.pt\/ucibio\/research-groups\/lab\/microbial-genetics\" data-type=\"URL\" data-id=\"https:\/\/www.requimte.pt\/ucibio\/research-groups\/lab\/microbial-genetics\">MICROBIAL GENETICS<\/a><\/strong><\/td><td class=\"has-text-align-center\" data-align=\"center\"><a href=\"https:\/\/www.requimte.pt\/ucibio\/research-groups\/lab\/glycoimmunology\" data-type=\"URL\" data-id=\"https:\/\/www.requimte.pt\/ucibio\/research-groups\/lab\/glycoimmunology\"><img loading=\"lazy\" decoding=\"async\" width=\"300\" height=\"75\" class=\"wp-image-117\" style=\"width: 300px;\" src=\"https:\/\/glycolab.webhost.fct.unl.pt\/wp-content\/uploads\/2021\/09\/glycoimmunology_0.jpeg\" alt=\"\"><\/a><\/td><\/tr><tr><td class=\"has-text-align-center\" data-align=\"center\"><a href=\"https:\/\/www.dcv.fct.unl.pt\/en\/pessoas\/docentes\/isabel-sa-nogueira\" data-type=\"URL\" data-id=\"https:\/\/www.dcv.fct.unl.pt\/en\/pessoas\/docentes\/isabel-sa-nogueira\">Isabel S\u00e1 Nogueira<\/a><\/td><td class=\"has-text-align-center\" data-align=\"center\"><a href=\"https:\/\/www.dcv.fct.unl.pt\/pessoas\/docentes\/paula-videira\" data-type=\"URL\" data-id=\"https:\/\/www.dcv.fct.unl.pt\/pessoas\/docentes\/paula-videira\">Paula Videira<\/a><\/td><\/tr><tr><td class=\"has-text-align-center\" data-align=\"center\"><\/td><td class=\"has-text-align-center\" data-align=\"center\"><\/td><\/tr><tr><td class=\"has-text-align-center\" data-align=\"center\"><strong>BACT_DRUGS<\/strong><\/td><td class=\"has-text-align-center\" data-align=\"center\"><\/td><\/tr><tr><td class=\"has-text-align-center\" data-align=\"center\"><a href=\"https:\/\/www.requimte.pt\/ucibio\/people\/angela-novais\" data-type=\"URL\" data-id=\"https:\/\/www.requimte.pt\/ucibio\/people\/angela-novais\">Angela Novais<\/a><\/td><td class=\"has-text-align-center\" data-align=\"center\"><\/td><\/tr><\/tbody><\/table><\/figure>\n\n\n\n<p><\/p>\n\n\n\n<p class=\"has-text-align-center has-medium-font-size\"><strong><span style=\"color:#505457\" class=\"has-inline-color\">Collaborations with other R&amp;D institution<\/span><span style=\"color:#5d666c\" class=\"has-inline-color\">s<\/span><\/strong><\/p>\n\n\n\n<figure class=\"wp-block-table is-style-stripes\"><table><tbody><tr><td><br><a href=\"https:\/\/www.imperial.ac.uk\/glycosciences\" data-type=\"URL\" data-id=\"https:\/\/www.imperial.ac.uk\/glycosciences\"><img loading=\"lazy\" decoding=\"async\" width=\"150\" height=\"64\" class=\"wp-image-119\" style=\"width: 150px;\" src=\"https:\/\/glycolab.webhost.fct.unl.pt\/wp-content\/uploads\/2021\/09\/logo-Imperial-College-London.jpeg\" alt=\"\"><\/a><\/td><td><a href=\"http:\/\/ciisa.fmv.ulisboa.pt\/index.php\/en\/?option=com_k2&amp;view=item&amp;layout=item&amp;id=58&amp;Itemid=182\" data-type=\"URL\" data-id=\"http:\/\/ciisa.fmv.ulisboa.pt\/index.php\/en\/?option=com_k2&amp;view=item&amp;layout=item&amp;id=58&amp;Itemid=182\"><img loading=\"lazy\" decoding=\"async\" width=\"100\" height=\"100\" class=\"wp-image-120\" style=\"width: 100px;\" src=\"https:\/\/glycolab.webhost.fct.unl.pt\/wp-content\/uploads\/2021\/09\/FMV.png\" alt=\"\"><\/a><\/td><\/tr><tr><td>Ten Feizi<br>Wengang Chai<br>Yan Liu<\/td><td>Carlos Fontes<\/td><\/tr><tr><td><\/td><td><\/td><\/tr><tr><td><a href=\"https:\/\/www.ua.pt\/pt\/qopna\/page\/14370\" data-type=\"URL\" data-id=\"https:\/\/www.ua.pt\/pt\/qopna\/page\/14370\"><img loading=\"lazy\" decoding=\"async\" width=\"150\" height=\"57\" class=\"wp-image-121\" style=\"width: 150px;\" src=\"https:\/\/glycolab.webhost.fct.unl.pt\/wp-content\/uploads\/2021\/09\/universidade-aveiro-logo-g.jpeg\" alt=\"\"><\/a><\/td><td><a href=\"https:\/\/www.ibet.pt\/people\/catarina-brito\/\" data-type=\"URL\" data-id=\"https:\/\/www.ibet.pt\/people\/catarina-brito\/\"><img loading=\"lazy\" decoding=\"async\" width=\"150\" height=\"65\" class=\"wp-image-122\" style=\"width: 150px;\" src=\"https:\/\/glycolab.webhost.fct.unl.pt\/wp-content\/uploads\/2021\/09\/iBET-Horizontal-PNG.png\" alt=\"\"><\/a><\/td><\/tr><tr><td>Manuel Coimbra<\/td><td>Catarina Brito<\/td><\/tr><tr><td><\/td><td><\/td><\/tr><tr><td><img loading=\"lazy\" decoding=\"async\" width=\"100\" height=\"100\" class=\"wp-image-123\" style=\"width: 100px;\" src=\"https:\/\/glycolab.webhost.fct.unl.pt\/wp-content\/uploads\/2021\/09\/i3s_logo.png\" alt=\"\"><\/td><td><img loading=\"lazy\" decoding=\"async\" width=\"150\" height=\"83\" class=\"wp-image-124\" style=\"width: 150px;\" src=\"https:\/\/glycolab.webhost.fct.unl.pt\/wp-content\/uploads\/2021\/09\/cropped-logo_cermav.png\" alt=\"\"><\/td><\/tr><tr><td>Celso Reis<\/td><td>Serge Perez<\/td><\/tr><tr><td><\/td><td><\/td><\/tr><tr><td><img loading=\"lazy\" decoding=\"async\" width=\"75\" height=\"127\" class=\"wp-image-125\" style=\"width: 75px;\" src=\"https:\/\/glycolab.webhost.fct.unl.pt\/wp-content\/uploads\/2021\/09\/RIKEN_logo.png\" alt=\"\"><\/td><td><a href=\"https:\/\/www.umu.se\/en\/staff\/ulrika-westerlind\/\" data-type=\"URL\" data-id=\"https:\/\/www.umu.se\/en\/staff\/ulrika-westerlind\/\"><img loading=\"lazy\" decoding=\"async\" width=\"100\" height=\"100\" class=\"wp-image-126\" style=\"width: 100px;\" src=\"https:\/\/glycolab.webhost.fct.unl.pt\/wp-content\/uploads\/2021\/09\/1200px-Umea\u030a_University_Logo.svg_.png\" alt=\"\"><\/a><\/td><\/tr><tr><td>Yukishige Ito<\/td><td>Ulrika Westerlind<\/td><\/tr><tr><td><\/td><td><\/td><\/tr><\/tbody><\/table><\/figure>\n\n\n\n<p class=\"has-text-align-center has-medium-font-size\"><strong><span style=\"color:#4f5659\" class=\"has-inline-color\">Collaborations with R&amp;D Companies<\/span><\/strong><\/p>\n\n\n\n<figure class=\"wp-block-table is-style-stripes\"><table><tbody><tr><td><a href=\"https:\/\/www.nzytech.com\/company\/r-d\/\" data-type=\"URL\" data-id=\"https:\/\/www.nzytech.com\/company\/r-d\/\"><img loading=\"lazy\" decoding=\"async\" width=\"120\" height=\"118\" class=\"wp-image-128\" style=\"width: 120px;\" src=\"https:\/\/glycolab.webhost.fct.unl.pt\/wp-content\/uploads\/2021\/09\/nzytech-logo-centered.png\" alt=\"\"><\/a><\/td><td><a href=\"https:\/\/www.businesswire.com\/news\/home\/20190819005436\/en\/Angel-Funded-Siamab-Completes-202-Million-Exit-Large\" data-type=\"URL\" data-id=\"https:\/\/www.businesswire.com\/news\/home\/20190819005436\/en\/Angel-Funded-Siamab-Completes-202-Million-Exit-Large\"><img loading=\"lazy\" decoding=\"async\" width=\"120\" height=\"120\" class=\"wp-image-129\" style=\"width: 120px;\" src=\"https:\/\/glycolab.webhost.fct.unl.pt\/wp-content\/uploads\/2021\/09\/siamab_logo.png\" alt=\"\"><\/a><\/td><\/tr><tr><td><a href=\"https:\/\/www.cellmabs.com\/\" data-type=\"URL\" data-id=\"https:\/\/www.cellmabs.com\/\"><img loading=\"lazy\" decoding=\"async\" width=\"150\" height=\"44\" class=\"wp-image-130\" style=\"width: 150px;\" src=\"https:\/\/glycolab.webhost.fct.unl.pt\/wp-content\/uploads\/2021\/09\/CellmAbs.png\" alt=\"\"><\/a><\/td><td><\/td><\/tr><\/tbody><\/table><\/figure>\n","protected":false},"excerpt":{"rendered":"<p>UCIBIO Collaborations XTAL Macromolecular Crystallograhy Group (BIO)MOLECULAR STRUCTURE AND INTERACTIONS BY NMR Maria Jo\u00e3o Rom\u00e3oAna Lu\u00edsa Carvalho Eurico CabritaFilipa Marcelo MICROBIAL GENETICS Isabel S\u00e1 Nogueira Paula Videira BACT_DRUGS Angela Novais Collaborations with other R&amp;D institutions Ten FeiziWengang ChaiYan Liu Carlos Fontes Manuel Coimbra Catarina Brito Celso Reis Serge Perez Yukishige Ito Ulrika Westerlind Collaborations with [&hellip;]<\/p>\n","protected":false},"author":1,"featured_media":0,"parent":0,"menu_order":0,"comment_status":"closed","ping_status":"closed","template":"","meta":{"footnotes":""},"class_list":["post-108","page","type-page","status-publish","hentry"],"_links":{"self":[{"href":"https:\/\/glycolab.webhost.fct.unl.pt\/index.php\/wp-json\/wp\/v2\/pages\/108","targetHints":{"allow":["GET"]}}],"collection":[{"href":"https:\/\/glycolab.webhost.fct.unl.pt\/index.php\/wp-json\/wp\/v2\/pages"}],"about":[{"href":"https:\/\/glycolab.webhost.fct.unl.pt\/index.php\/wp-json\/wp\/v2\/types\/page"}],"author":[{"embeddable":true,"href":"https:\/\/glycolab.webhost.fct.unl.pt\/index.php\/wp-json\/wp\/v2\/users\/1"}],"replies":[{"embeddable":true,"href":"https:\/\/glycolab.webhost.fct.unl.pt\/index.php\/wp-json\/wp\/v2\/comments?post=108"}],"version-history":[{"count":7,"href":"https:\/\/glycolab.webhost.fct.unl.pt\/index.php\/wp-json\/wp\/v2\/pages\/108\/revisions"}],"predecessor-version":[{"id":144,"href":"https:\/\/glycolab.webhost.fct.unl.pt\/index.php\/wp-json\/wp\/v2\/pages\/108\/revisions\/144"}],"wp:attachment":[{"href":"https:\/\/glycolab.webhost.fct.unl.pt\/index.php\/wp-json\/wp\/v2\/media?parent=108"}],"curies":[{"name":"wp","href":"https:\/\/api.w.org\/{rel}","templated":true}]}}